{"id":2042,"date":"2023-04-17T15:48:59","date_gmt":"2023-04-17T15:48:59","guid":{"rendered":"https:\/\/2050.do\/portefeuille\/"},"modified":"2023-05-17T09:56:59","modified_gmt":"2023-05-17T09:56:59","slug":"portefeuille-2","status":"publish","type":"page","link":"https:\/\/2050.do\/fr\/portefeuille-2\/","title":{"rendered":"Portefeuille"},"content":{"rendered":"\n<div class=\"wp-block-group alignfull portfol-plant-hero has-almond-background-color has-background is-layout-constrained wp-container-core-group-is-layout-2a7b38d8 wp-block-group-is-layout-constrained\">\n<div style=\"height:200px\" aria-hidden=\"true\" class=\"wp-block-spacer\"><\/div>\n\n\n\n<div style=\"height:100px\" aria-hidden=\"true\" class=\"wp-block-spacer desktop-only\"><\/div>\n\n\n\n<h1 class=\"wp-block-heading has-text-align-left align-md-center mx-md-300 has-woodland-color has-text-color\"><span style=\"color:#F6A320\">D\u00e9couvrez <br\/><\/span>nos investissements.<\/h1>\n\n\n\n<div style=\"height:100px\" aria-hidden=\"true\" class=\"wp-block-spacer mobile-only\"><\/div>\n\n\n\n<div style=\"height:150px\" aria-hidden=\"true\" class=\"wp-block-spacer\"><\/div>\n<\/div>\n\n<div style=\"height:80px\" aria-hidden=\"true\" class=\"wp-block-spacer space-md-40\"><\/div>\n\n<div class=\"wp-block-group is-content-justification-left is-layout-constrained wp-container-core-group-is-layout-8c890d92 wp-block-group-is-layout-constrained\">\n<div class=\"wp-block-group h2-md-lrg is-layout-constrained wp-block-group-is-layout-constrained\">\n<h2 class=\"wp-block-heading\">Portefeuille<\/h2>\n\n\n\n<p>D\u00e9couvrez nos investissements.<\/p>\n\n\n\n<div style=\"height:30px\" aria-hidden=\"true\" class=\"wp-block-spacer\"><\/div>\n<\/div>\n<\/div>\n<div class=\"ajax-grid-outer relative portfolio\" published-count=\"44\" ><div class=\"post-grid-filters-outer portfolio\" style=\"display:block;\" >\r\n            <form action=\"\" method=\"post\" class=\"post-grid-filter-form\" >\r\n                <input type=\"hidden\" name=\"post-type\" value=\"portfolio\" autocomplete=\"off\" >\r\n                <input type=\"hidden\" name=\"taxonomy\" value=\"portfolio_categories\" autocomplete=\"off\" >\r\n                <input type=\"hidden\" name=\"basic-category\" value=\"\" autocomplete=\"off\" >\r\n                <input type=\"hidden\" name=\"secondary-category\" value=\"\" autocomplete=\"off\" >\r\n                <input type=\"hidden\" name=\"order-by\" value=\"\" autocomplete=\"off\" >\r\n                <input type=\"hidden\" name=\"post-count\" value=\"6\" autocomplete=\"off\" >\r\n                <input type=\"hidden\" name=\"cat-count\" value=\"19\" autocomplete=\"off\" >\r\n            <\/form><div class=\"post-grid-filters-inner\"><div class=\"post-grid-filters-main\"><div class=\"filter-dropdown\">\r\n                        <div class=\"selected-value\">\r\n                            <p class=\"mb-0\" >\r\n                                <span class=\"sort-value\">Tout<\/span>\r\n                                <svg xmlns=\"http:\/\/www.w3.org\/2000\/svg\" width=\"17.48\" height=\"10.154\" viewBox=\"0 0 17.48 10.154\">\r\n                                    <path id=\"Path_82\" data-name=\"Path 82\" d=\"M820.466,78.934l8.033,8.033,8.033-8.033\" transform=\"translate(-819.759 -78.227)\" fill=\"none\" stroke=\"#000\" stroke-width=\"2\"\/>\r\n                                <\/svg>\r\n                            <\/p>\r\n                        <\/div>\r\n                        <div class=\"options\"><div class=\"option\" value=\"\" >Tout<\/div><div class=\"option\" value=\"take-care-of-body-mind-fr\" cat-count=\"1\">Take Care of Body &amp; Mind<\/div><div class=\"option\" value=\"live-explore-sustainably-fr\" cat-count=\"9\">Live &amp; Produce Sustainably<\/div><div class=\"option\" value=\"empowering-learning-creativity-fr\" cat-count=\"4\">Empowering Learning &amp; Creativity<\/div><div class=\"option\" value=\"eat-enough-eat-healthy-fr\" cat-count=\"3\">Eat Enough, Eat Healthfully<\/div><div class=\"option\" value=\"trust-in-the-economy-fr\" cat-count=\"2\">Put trust at the heart of the economy<\/div><\/div>\r\n                    <\/div><div class=\"post-grid-basic-filter\"><button class=\"filter-button basic-filter\" type=\"button\" cat-count=\"19\" value=\"\" style=\" background-color: #fff; color:#000;\" >All<\/button><button class=\"filter-button basic-filter take-care-of-body-mind-fr \" type=\"button\" value=\"take-care-of-body-mind-fr\" cat-count=\"1\" style=\" background-color: #e7bc8a; \" >Take Care of Body &amp; Mind<\/button><button class=\"filter-button basic-filter live-explore-sustainably-fr \" type=\"button\" value=\"live-explore-sustainably-fr\" cat-count=\"9\" style=\" background-color: #54591d; \" >Live &amp; Produce Sustainably<\/button><button class=\"filter-button basic-filter empowering-learning-creativity-fr \" type=\"button\" value=\"empowering-learning-creativity-fr\" cat-count=\"4\" style=\" background-color: #f6a320; \" >Empowering Learning &amp; Creativity<\/button><button class=\"filter-button basic-filter eat-enough-eat-healthy-fr \" type=\"button\" value=\"eat-enough-eat-healthy-fr\" cat-count=\"3\" style=\" background-color: #dc0c1b; \" >Eat Enough, Eat Healthfully<\/button><button class=\"filter-button basic-filter trust-in-the-economy-fr \" type=\"button\" value=\"trust-in-the-economy-fr\" cat-count=\"2\" style=\" background-color: #88b6ca; \" >Put trust at the heart of the economy<\/button><\/div><div class=\"post-grid-secondary-filter\"><button class=\"filter-button type secondary-filter active\" type=\"button\" value=\"\" >Tout<\/button><button class=\"filter-button type secondary-filter\" type=\"button\" value=\"exit\" cat-count=\"3\" >Exit<\/button><button class=\"filter-button type secondary-filter\" type=\"button\" value=\"ventures-fr\" cat-count=\"9\" >Ventures<\/button><button class=\"filter-button type secondary-filter\" type=\"button\" value=\"commons-fr\" cat-count=\"10\" >Communs<\/button><\/div><\/div><div class=\"post-grid-order-by\">\r\n                    <div class=\"selected-value\">\r\n                        <p class=\"mb-0\" >Trier par:\r\n                            <span class=\"sort-value\">Le plus r\u00e9cent\n<\/span>\r\n                            <svg xmlns=\"http:\/\/www.w3.org\/2000\/svg\" width=\"17.48\" height=\"10.154\" viewBox=\"0 0 17.48 10.154\">\r\n                                <path id=\"Path_82\" data-name=\"Path 82\" d=\"M820.466,78.934l8.033,8.033,8.033-8.033\" transform=\"translate(-819.759 -78.227)\" fill=\"none\" stroke=\"#000\" stroke-width=\"2\"\/>\r\n                            <\/svg>\r\n                        <\/p>\r\n                    <\/div>\r\n                    <div class=\"options\">\r\n                        <div class=\"option\" value=\"ASC\" >Le plus ancien<\/div>\r\n                        <div class=\"option\" value=\"DESC\" >Le plus r\u00e9cent\n<\/div>\r\n                    <\/div>\r\n            <\/div><\/div><\/div><div class=\"ajax-grid-inner\"><div class=\"posts-grid-outer portfolio\">\r\n    <div class=\"card-outer\" style=\"grid-row: span 4;\" >     \r\n        <div class=\"card-inner\">\r\n            <div class=\"card-top\" style=\"background-image: url(https:\/\/2050.do\/wp-content\/uploads\/2026\/02\/Capture-decran-2026-01-14-a-11.46.03.png);\" >                \r\n            <\/div>  \r\n            <div class=\"card-bottom\">\r\n                <div class=\"card-content\" >\r\n                    <a href=\"https:\/\/www.oceanrainforest.com\/\" class=\"content\" target=\"_blank\" >\r\n                        <div class=\"portfolio-categories\" >\r\n                            <div class=\"filter-button card-category\" style=\"background-color: #54591d; color: #fff;\" >Live &amp; Produce Sustainably<\/div><div class=\"filter-button card-category\" style=\"background-color: #fff; color: #000;\" >Ventures<\/div>                        <\/div>\r\n                        <h3>Ocean Rainforest<\/h3>\r\n                        <p class=\"excerpt\" >Ocean Rainforest is a Faroe Islands-based company cultivating seaweed in the North Atlantic and Pacific Oceans to create impact from ocean to land. Its farms absorb excess nutrients, capture CO\u2082, and support marine biodiversity while its premium, fully traceable seaweed products bring that potential to agriculture. Through high-performance biostimulants rich in natural compounds, Ocean Rainforest offers a sustainable alternative to synthetic fertilizers, improving soil health, boosting crop resilience, and reducing agriculture&rsquo;s environmental footprint.<\/p>\r\n                    <\/a>\r\n                    <div class=\"learn-more\">\r\n                    <a class=\"learn-more-button\" href=\"https:\/\/www.oceanrainforest.com\/\" target=\"_blank\">\r\n                                <p class=\"mb-0\">En savoir plus<\/p> \r\n                                <span class=\"visually-hidden\">Ocean Rainforest<\/span>\r\n                            <\/a><a href=\"https:\/\/www.oceanrainforest.com\/\" class=\"right-arrow\" target=\"_blank\" ><\/a>                    <\/div>\r\n                <\/div>\r\n            <\/div> \r\n        <\/div>\r\n    <\/div>\r\n\r\n    <div class=\"card-outer\" style=\"grid-row: span 3;\" >     \r\n        <div class=\"card-inner\">\r\n            <div class=\"card-top\" style=\"background-image: url(https:\/\/2050.do\/wp-content\/uploads\/2026\/02\/Capture-decran-2026-02-18-a-16.21.08.png);\" >                \r\n            <\/div>  \r\n            <div class=\"card-bottom\">\r\n                <div class=\"card-content\" >\r\n                    <a href=\"https:\/\/www.optimal.ag\/\" class=\"content\" target=\"_blank\" >\r\n                        <div class=\"portfolio-categories\" >\r\n                            <div class=\"filter-button card-category\" style=\"background-color: #dc0c1b; color: #fff;\" >Eat Enough, Eat Healthfully<\/div><div class=\"filter-button card-category\" style=\"background-color: #fff; color: #000;\" >Ventures<\/div>                        <\/div>\r\n                        <h3>Optimal<\/h3>\r\n                        <p class=\"excerpt\" >Optimal is a UK-based company developing the most advanced operating platform for greenhouses. By combining deep agronomic expertise with proprietary AI technology, Optimal simulates entire greenhouse environments to optimize yield, taste, energy and CO2 usage. Optimal&rsquo;s mission is to accelerate the deployment of sustainable greenhouses worldwide, securing access to healthy fruits and vegetables for billions of people while remaining resilient to climate change and using a fraction of the land and water traditional agriculture requires.<\/p>\r\n                    <\/a>\r\n                    <div class=\"learn-more\">\r\n                    <a class=\"learn-more-button\" href=\"https:\/\/www.optimal.ag\/\" target=\"_blank\">\r\n                                <p class=\"mb-0\">En savoir plus<\/p> \r\n                                <span class=\"visually-hidden\">Optimal<\/span>\r\n                            <\/a><a href=\"https:\/\/www.optimal.ag\/\" class=\"right-arrow\" target=\"_blank\" ><\/a>                    <\/div>\r\n                <\/div>\r\n            <\/div> \r\n        <\/div>\r\n    <\/div>\r\n\r\n    <div class=\"card-outer\" style=\"grid-row: span 6;\" >     \r\n        <div class=\"card-inner\">\r\n            <div class=\"card-top\" style=\"background-image: url(https:\/\/2050.do\/wp-content\/uploads\/2024\/06\/Capturedecran2023-11-24a12.36.36.png);\" >                \r\n            <\/div>  \r\n            <div class=\"card-bottom\">\r\n                <div class=\"card-content\" >\r\n                    <a href=\"https:\/\/2050.do\/2050-supports-waves-of-change-initiative\/\" class=\"content\" target=\"_blank\" >\r\n                        <div class=\"portfolio-categories\" >\r\n                            <div class=\"filter-button card-category\" style=\"background-color: #54591d; color: #fff;\" >Live &amp; Produce Sustainably<\/div><div class=\"filter-button card-category\" style=\"background-color: #fff; color: #000;\" >Commons<\/div>                        <\/div>\r\n                        <h3>Waves of Change<\/h3>\r\n                        <p class=\"excerpt\" >Waves of Change is an initiative dedicated to raising awareness and driving action for marine conservation and sustainable development. Through a series of educational programs, community actions, and international collaborations, the organization aims to transform how individuals and communities interact with the oceans. By mobilizing resources and inspiring collective consciousness, Waves of Change seeks to create a lasting impact on the health of our marine ecosystems and promote environmentally friendly practices in our daily lives.<\/p>\r\n                    <\/a>\r\n                    <div class=\"learn-more\">\r\n                    <a class=\"learn-more-button\" href=\"https:\/\/2050.do\/2050-supports-waves-of-change-initiative\/\" target=\"_blank\">\r\n                                <p class=\"mb-0\">En savoir plus<\/p> \r\n                                <span class=\"visually-hidden\">Waves of Change<\/span>\r\n                            <\/a><a href=\"https:\/\/www.wavesofchange.earth\/\" class=\"right-arrow\" target=\"_blank\" ><\/a>                    <\/div>\r\n                <\/div>\r\n            <\/div> \r\n        <\/div>\r\n    <\/div>\r\n\r\n    <div class=\"card-outer\" style=\"grid-row: span 4;\" >     \r\n        <div class=\"card-inner\">\r\n            <div class=\"card-top\" style=\"background-image: url(https:\/\/2050.do\/wp-content\/uploads\/2024\/06\/hubcite.jpeg);\" >                \r\n            <\/div>  \r\n            <div class=\"card-bottom\">\r\n                <div class=\"card-content\" >\r\n                    <a href=\"https:\/\/hubcity.africa\/\" class=\"content\" target=\"_blank\" >\r\n                        <div class=\"portfolio-categories\" >\r\n                            <div class=\"filter-button card-category\" style=\"background-color: #f6a320; color: #fff;\" >Empowering Learning &amp; Creativity<\/div><div class=\"filter-button card-category\" style=\"background-color: #fff; color: #000;\" >Commons<\/div>                        <\/div>\r\n                        <h3>HubCity<\/h3>\r\n                        <p class=\"excerpt\" >Since 2007, metropolization has posed challenges to Africa, which will see its urban population double by 2050. HubCity and the WoeLab network critique city tech futures from Africa, fostering a Digital Collectivist model. Despite limited resources, their work in Togo since 2012 has gained global recognition. They integrate social and tech innovation for a \u00ab\u00a0neo-vernacular smart city\u00a0\u00bb and have developed local Digital Commons, including a 3D printer, a waste management app SCoPE, digital currency Syswoe, and more.<\/p>\r\n                    <\/a>\r\n                    <div class=\"learn-more\">\r\n                    <a class=\"learn-more-button\" href=\"https:\/\/hubcity.africa\/\" target=\"_blank\">\r\n                                <p class=\"mb-0\">En savoir plus<\/p> \r\n                                <span class=\"visually-hidden\">HubCity<\/span>\r\n                            <\/a><a href=\"https:\/\/www.lafricainedarchitecture.com\/hubciteacute.html\" class=\"right-arrow\" target=\"_blank\" ><\/a>                    <\/div>\r\n                <\/div>\r\n            <\/div> \r\n        <\/div>\r\n    <\/div>\r\n\r\n    <div class=\"card-outer\" style=\"grid-row: span 4;\" >     \r\n        <div class=\"card-inner\">\r\n            <div class=\"card-top\" style=\"background-image: url(https:\/\/2050.do\/wp-content\/uploads\/2024\/03\/8kg-1-scaled.jpg);\" >                \r\n            <\/div>  \r\n            <div class=\"card-bottom\">\r\n                <div class=\"card-content\" >\r\n                    <a href=\"https:\/\/2050.do\/a-new-company-in-2050s-ecosystem-why-we-invested-in-bene-bono\/\" class=\"content\" target=\"_blank\" >\r\n                        <div class=\"portfolio-categories\" >\r\n                            <div class=\"filter-button card-category\" style=\"background-color: #54591d; color: #fff;\" >Live &amp; Produce Sustainably<\/div><div class=\"filter-button card-category\" style=\"background-color: #fff; color: #000;\" >Exit<\/div>                        <\/div>\r\n                        <h3>Bene Bono<\/h3>\r\n                        <p class=\"excerpt\" >Bene Bono was founded by a young trio of co-founders to combat food waste and to offer a sustainable solution for consumers to get access to organic fruits and vegetables (F&#038;V), as well as groceries.<\/p>\r\n                    <\/a>\r\n                    <div class=\"learn-more\">\r\n                    <a class=\"learn-more-button\" href=\"https:\/\/2050.do\/a-new-company-in-2050s-ecosystem-why-we-invested-in-bene-bono\/\" target=\"_blank\">\r\n                                <p class=\"mb-0\">En savoir plus<\/p> \r\n                                <span class=\"visually-hidden\">Bene Bono<\/span>\r\n                            <\/a><a href=\"https:\/\/benebono.fr\/\" class=\"right-arrow\" target=\"_blank\" ><\/a>                    <\/div>\r\n                <\/div>\r\n            <\/div> \r\n        <\/div>\r\n    <\/div>\r\n\r\n    <div class=\"card-outer\" style=\"grid-row: span 4;\" >     \r\n        <div class=\"card-inner\">\r\n            <div class=\"card-top\" style=\"background-image: url(https:\/\/2050.do\/wp-content\/uploads\/2023\/11\/Settly-Team.jpg);\" >                \r\n            <\/div>  \r\n            <div class=\"card-bottom\">\r\n                <div class=\"card-content\" >\r\n                    <a href=\"https:\/\/www.getsettly.com\/\" class=\"content\" target=\"_blank\" >\r\n                        <div class=\"portfolio-categories\" >\r\n                            <div class=\"filter-button card-category\" style=\"background-color: #e7bc8a; color: #fff;\" >Take Care of Body &amp; Mind<\/div><div class=\"filter-button card-category\" style=\"background-color: #fff; color: #000;\" >Ventures<\/div>                        <\/div>\r\n                        <h3>Settly<\/h3>\r\n                        <p class=\"excerpt\" >Settly is on a mission to redefine the relocation experience and create a world where everyone can feel at home. It wants to change the way companies and HR Teams look at recruiting international talent, culture and community building, starting with relocation.<\/p>\r\n                    <\/a>\r\n                    <div class=\"learn-more\">\r\n                    <a class=\"learn-more-button\" href=\"https:\/\/www.getsettly.com\/\" target=\"_blank\">\r\n                                <p class=\"mb-0\">En savoir plus<\/p> \r\n                                <span class=\"visually-hidden\">Settly<\/span>\r\n                            <\/a><a href=\"https:\/\/www.getsettly.com\/\" class=\"right-arrow\" target=\"_blank\" ><\/a>                    <\/div>\r\n                <\/div>\r\n            <\/div> \r\n        <\/div>\r\n    <\/div>\r\n<\/div><\/div><button class=\"ajax-grid-load-more load-more portfolio\" value=\"6\" style=\"\" >Voir plus<\/button><\/div>\n<div style=\"height:100px\" aria-hidden=\"true\" class=\"wp-block-spacer\"><\/div>\n\n<div class=\"wp-block-group is-layout-constrained wp-block-group-is-layout-constrained\">\n<h3 class=\"wp-block-heading has-monza-color has-text-color\"><\/h3>\n\n\n    <div class=\"community-carousel-outer\">\r\n        <div class=\"community-carousel-inner\">\r\n\r\n            \r\n                <div class=\"community-carousel-slide\">\r\n                                            <div class=\"profile-pic\">\r\n                            <img decoding=\"async\" src=\"https:\/\/2050.do\/wp-content\/uploads\/2023\/04\/Rachel1.png\" alt=\"Rachel Delacour\" \/>\r\n                        <\/div>\r\n                    \r\n                    <span class=\"content\"><!-- wp:paragraph -->\n<p>\u00ab 2050 est tout simplement indispensable dans le monde de l&rsquo;investissement : l&rsquo;urgence des probl\u00e8mes colossaux auxquels nous sommes tous confront\u00e9s est telle qu&rsquo;elle doit s&rsquo;ancrer dans un \u00e9cosyst\u00e8me align\u00e9 sur les m\u00eames objectifs. \u00bb<\/p>\n<!-- \/wp:paragraph -->\n\n<!-- wp:paragraph -->\n<p><\/p>\n<!-- \/wp:paragraph --><\/span>\r\n                    <h3 class=\"name mb-0\">Rachel Delacour<\/h3>\r\n                    <p class=\"position\">Co-fondatrice et PDG de Sweep<\/p>\r\n                <\/div>\r\n\r\n                            \r\n                <div class=\"community-carousel-slide\">\r\n                                            <div class=\"profile-pic\">\r\n                            <img decoding=\"async\" src=\"https:\/\/2050.do\/wp-content\/uploads\/2023\/05\/Eric.jpeg\" alt=\"Eric Carreel\" \/>\r\n                        <\/div>\r\n                    \r\n                    <span class=\"content\"><!-- wp:paragraph -->\n<p>\u00ab En tant qu&rsquo;entrepreneur, je suis fier de pouvoir compter sur un alli\u00e9 comme 2050 &#8211; et son \u00e9quipe formidable ! &#8211; pour notre d\u00e9veloppement \u00e0 long terme. \u00bb<\/p>\n<!-- \/wp:paragraph --><\/span>\r\n                    <h3 class=\"name mb-0\">Eric Carreel<\/h3>\r\n                    <p class=\"position\">Fondateur et pr\u00e9sident de Withings<\/p>\r\n                <\/div>\r\n\r\n                            \r\n                <div class=\"community-carousel-slide\">\r\n                                            <div class=\"profile-pic\">\r\n                            <img decoding=\"async\" src=\"https:\/\/2050.do\/wp-content\/uploads\/2023\/05\/ClimateView-EinarBodstrom2.jpg\" alt=\"Einar Bostr\u00f6m\" \/>\r\n                        <\/div>\r\n                    \r\n                    <span class=\"content\"><!-- wp:paragraph -->\n<p>\u00ab Lors de notre s\u00e9rie A, les conversations que nous avons eues avec 2050 ont \u00e9t\u00e9 d&rsquo;une pr\u00e9cision et d&rsquo;une richesse telles qu&rsquo;elles peuvent \u00eatre qualifi\u00e9es de profondes. La pr\u00e9sence de 2050 \u00e0 \u00e0 notre capital est vraiment un atout. \u00bb<\/p>\n<!-- \/wp:paragraph --><\/span>\r\n                    <h3 class=\"name mb-0\">Einar Bostr\u00f6m<\/h3>\r\n                    <p class=\"position\">Co-fondateur de ClimateView<\/p>\r\n                <\/div>\r\n\r\n                            \r\n                <div class=\"community-carousel-slide\">\r\n                                            <div class=\"profile-pic\">\r\n                            <img decoding=\"async\" src=\"https:\/\/2050.do\/wp-content\/uploads\/2023\/05\/Marta.jpg\" alt=\"Marta Sj\u00f6gren\" \/>\r\n                        <\/div>\r\n                    \r\n                    <span class=\"content\"><!-- wp:paragraph -->\n<p>\u00ab 2050 \u00e9tait un choix \u00e9vident pour \u00eatre notre principal investisseur, car Marie et l&rsquo;\u00e9quipe ont continuellement apport\u00e9 une valeur ajout\u00e9e \u00e0 un moment crucial de notre d\u00e9veloppement. Aussi bien pour les sujets d&rsquo;alignement que sur les questions de d\u00e9veloppement commercial. \u00bb<\/p>\n<!-- \/wp:paragraph --><\/span>\r\n                    <h3 class=\"name mb-0\">Marta Sj\u00f6gren<\/h3>\r\n                    <p class=\"position\">Co-fondatrice et co-PDG de Paebbl<\/p>\r\n                <\/div>\r\n\r\n                            \r\n        <\/div>\r\n    <\/div>\r\n    \n\n\n<div style=\"height:125px\" aria-hidden=\"true\" class=\"wp-block-spacer\"><\/div>\n<\/div>\n","protected":false},"excerpt":{"rendered":"","protected":false},"author":10,"featured_media":0,"parent":0,"menu_order":0,"comment_status":"closed","ping_status":"closed","template":"","meta":{"_acf_changed":false,"_seopress_robots_primary_cat":"","_seopress_titles_title":"","_seopress_titles_desc":"","_seopress_robots_index":"","footnotes":""},"class_list":["post-2042","page","type-page","status-publish"],"acf":[],"_links":{"self":[{"href":"https:\/\/2050.do\/fr\/wp-json\/wp\/v2\/pages\/2042","targetHints":{"allow":["GET"]}}],"collection":[{"href":"https:\/\/2050.do\/fr\/wp-json\/wp\/v2\/pages"}],"about":[{"href":"https:\/\/2050.do\/fr\/wp-json\/wp\/v2\/types\/page"}],"author":[{"embeddable":true,"href":"https:\/\/2050.do\/fr\/wp-json\/wp\/v2\/users\/10"}],"replies":[{"embeddable":true,"href":"https:\/\/2050.do\/fr\/wp-json\/wp\/v2\/comments?post=2042"}],"version-history":[{"count":0,"href":"https:\/\/2050.do\/fr\/wp-json\/wp\/v2\/pages\/2042\/revisions"}],"wp:attachment":[{"href":"https:\/\/2050.do\/fr\/wp-json\/wp\/v2\/media?parent=2042"}],"curies":[{"name":"wp","href":"https:\/\/api.w.org\/{rel}","templated":true}]}}