{"id":2051,"date":"2023-04-17T15:43:37","date_gmt":"2023-04-17T13:43:37","guid":{"rendered":"https:\/\/2050.do\/donnees-personnelles\/"},"modified":"2023-08-17T12:34:23","modified_gmt":"2023-08-17T12:34:23","slug":"donnees-personnelles","status":"publish","type":"page","link":"https:\/\/2050.do\/fr\/donnees-personnelles\/","title":{"rendered":"Politique de protection des donn\u00e9es"},"content":{"rendered":"\n<div class=\"wp-block-group h2-md-lrg is-layout-constrained wp-container-core-group-is-layout-2a7b38d8 wp-block-group-is-layout-constrained\">\n<div style=\"height:280px\" aria-hidden=\"true\" class=\"wp-block-spacer\" responsive-height-tablet=\"200\" responsive-height-medium=\"150\" responsive-height-small=\"150\"><\/div>\n\n\n\n<h2 class=\"wp-block-heading has-text-align-left has-woodland-color has-text-color\"><span style=\"color:#F6A320\">Vos donn\u00e9es<\/span> sont entre de bonnes mains<\/h2>\n\n\n\n<div style=\"height:10px\" aria-hidden=\"true\" class=\"wp-block-spacer\" responsive-height-tablet=\"10\" responsive-height-medium=\"30\" responsive-height-small=\"30\"><\/div>\n\n\n\n<h4 class=\"wp-block-heading\">2050 met un point d&rsquo;honneur \u00e0 prot\u00e9ger les donn\u00e9es que vous nous confiez, que ce soit par le biais de ce site ou dans le cadre d&rsquo;\u00e9changes li\u00e9s \u00e0 notre activit\u00e9 financi\u00e8re.<\/h4>\n\n\n\n<div style=\"height:40px\" aria-hidden=\"true\" class=\"wp-block-spacer\" responsive-height-tablet=\"40\" responsive-height-medium=\"10\" responsive-height-small=\"10\"><\/div>\n\n\n\n<p>Ce site ne collecte aucune donn\u00e9e personnelle \u00e0 l&rsquo;insu de ses utilisateurs. En remplissant vos donn\u00e9es (e-mail, nom, pr\u00e9nom, entreprise) dans le formulaire de contact, vous autorisez 2050.do \u00e0 les utiliser dans le cadre de campagnes d&rsquo;information et de prospection commerciale. Les donn\u00e9es ne seront jamais communiqu\u00e9es \u00e0 des tiers sans votre accord. Elles seront conserv\u00e9es pendant 3 ans. Vous pouvez exercer vos droits d&rsquo;acc\u00e8s aux donn\u00e9es, de rectification ou d&rsquo;opposition \u00e0 tout moment, par e-mail \u00e0 l&rsquo;adresse suivante: <span style=\"text-decoration: underline;\"><a href=\"mailto:contact@2050.do\">contact@2050.do <\/a><\/span> <\/p>\n\n\n\n<p>Bien que nous fassions tout notre possible pour assurer la protection des donn\u00e9es, aucun syst\u00e8me n&rsquo;est jamais exempt de d\u00e9fauts. Par cons\u00e9quent, nous ne pouvons accepter la responsabilit\u00e9 de tiers pour l&rsquo;utilisation abusive ou la divulgation d&rsquo;informations personnelles ou de donn\u00e9es confidentielles obtenues dans le cadre de l&rsquo;activit\u00e9 financi\u00e8re de 2050.Nous n&rsquo;utilisons des cookies que pour analyser le trafic.<\/p>\n\n\n\n<div style=\"height:100px\" aria-hidden=\"true\" class=\"wp-block-spacer\"><\/div>\n<\/div>\n","protected":false},"excerpt":{"rendered":"","protected":false},"author":10,"featured_media":0,"parent":0,"menu_order":0,"comment_status":"closed","ping_status":"open","template":"","meta":{"_acf_changed":false,"_seopress_robots_primary_cat":"","_seopress_titles_title":"","_seopress_titles_desc":"","_seopress_robots_index":"","footnotes":""},"class_list":["post-2051","page","type-page","status-publish"],"acf":[],"_links":{"self":[{"href":"https:\/\/2050.do\/fr\/wp-json\/wp\/v2\/pages\/2051","targetHints":{"allow":["GET"]}}],"collection":[{"href":"https:\/\/2050.do\/fr\/wp-json\/wp\/v2\/pages"}],"about":[{"href":"https:\/\/2050.do\/fr\/wp-json\/wp\/v2\/types\/page"}],"author":[{"embeddable":true,"href":"https:\/\/2050.do\/fr\/wp-json\/wp\/v2\/users\/10"}],"replies":[{"embeddable":true,"href":"https:\/\/2050.do\/fr\/wp-json\/wp\/v2\/comments?post=2051"}],"version-history":[{"count":0,"href":"https:\/\/2050.do\/fr\/wp-json\/wp\/v2\/pages\/2051\/revisions"}],"wp:attachment":[{"href":"https:\/\/2050.do\/fr\/wp-json\/wp\/v2\/media?parent=2051"}],"curies":[{"name":"wp","href":"https:\/\/api.w.org\/{rel}","templated":true}]}}