{"id":2168,"date":"2023-05-05T14:15:45","date_gmt":"2023-05-05T14:15:45","guid":{"rendered":"https:\/\/2050.do\/equipe\/"},"modified":"2025-10-06T17:29:58","modified_gmt":"2025-10-06T15:29:58","slug":"equipe","status":"publish","type":"page","link":"https:\/\/2050.do\/fr\/equipe\/","title":{"rendered":"\u00c9quipe"},"content":{"rendered":"\n<div class=\"wp-block-group alignfull member-header mb-0 has-almond-background-color has-background is-layout-constrained wp-block-group-is-layout-constrained\">\n<div class=\"wp-block-group is-layout-constrained wp-block-group-is-layout-constrained\">\n<div class=\"wp-block-columns is-layout-flex wp-container-core-columns-is-layout-9d6595d7 wp-block-columns-is-layout-flex\">\n<div class=\"wp-block-column is-layout-flow wp-block-column-is-layout-flow\">\n<h4 class=\"wp-block-heading\">Equipe<\/h4>\n\n\n\n<h1 class=\"wp-block-heading\">Rencontrez Marie Ekeland, notre fondatrice et pr\u00e9sidente<\/h1>\n<\/div>\n\n\n\n<div class=\"wp-block-column is-layout-flow wp-block-column-is-layout-flow\">\n<figure class=\"wp-block-image size-full\"><img loading=\"lazy\" decoding=\"async\" width=\"800\" height=\"1000\" src=\"https:\/\/2050.do\/wp-content\/uploads\/2023\/04\/Marie-portrait.jpg\" alt=\"\" class=\"wp-image-692\" srcset=\"https:\/\/2050.do\/wp-content\/uploads\/2023\/04\/Marie-portrait.jpg 800w, https:\/\/2050.do\/wp-content\/uploads\/2023\/04\/Marie-portrait-240x300.jpg 240w, https:\/\/2050.do\/wp-content\/uploads\/2023\/04\/Marie-portrait-768x960.jpg 768w\" sizes=\"auto, (max-width: 800px) 100vw, 800px\" \/><\/figure>\n<\/div>\n<\/div>\n<\/div>\n<\/div>\n\n<div class=\"wp-block-group alignfull member-details has-base-2-background-color has-background is-layout-constrained wp-block-group-is-layout-constrained\">\n<div class=\"wp-block-group is-layout-constrained wp-block-group-is-layout-constrained\">\n<div class=\"wp-block-columns is-layout-flex wp-container-core-columns-is-layout-9d6595d7 wp-block-columns-is-layout-flex\">\n<div class=\"wp-block-column is-layout-flow wp-block-column-is-layout-flow\">\n<h3 class=\"wp-block-heading\">Marie Ekelund<\/h3>\n\n\n\n<h4 class=\"wp-block-heading\">Fondatrice et pr\u00e9sidente<\/h4>\n\n\n\n<p>Il y a mille fa\u00e7ons de pr\u00e9senter Marie Ekeland. Mais toute tentative de lui coller une \u00e9tiquette nierait son identit\u00e9 fondamentale, car elle cr\u00e9e des ponts entre les mondes et les cultures, en donnant constamment aux innovateurs les moyens de concr\u00e9tiser leurs visions. <\/p>\n\n\n\n<p>L&rsquo;approche de Marie est ancr\u00e9e dans un parcours extraordinaire au sein de la French Tech. A 30 ans, au sein du fonds d&rsquo;investissement Elaia Partners, elle d\u00e9tecte Criteo, qu&rsquo;elle conseille et suit jusqu&rsquo;en 2016, 3 ans apr\u00e8s son introduction en bourse. Dans le m\u00eame esprit, elle cofonde France Digitale pour faire entendre la voix d&rsquo;un secteur encore peu d\u00e9velopp\u00e9. Elle devient la premi\u00e8re femme en Europe \u00e0 cr\u00e9er un fonds de 150 millions d&rsquo;euros. En 2015, daphni voit le jour avec une proposition de valeur d\u00e9j\u00e0 tr\u00e8s diff\u00e9rente du march\u00e9. Son portefeuille actuel est r\u00e9parti entre Londres, New York, Montpellier, Paris et San Francisco. Il refl\u00e8te son go\u00fbt pour la diversit\u00e9 : \u00e9ducation (Holberton School), sant\u00e9 et nutrition (Lifen et Zoe), culture (Keakr), finance (Shine, vendu \u00e0 la Soci\u00e9t\u00e9 G\u00e9n\u00e9rale en \u00e9t\u00e9 2020), mobilit\u00e9 verte (Zoov), bien-\u00eatre au travail (Swile). Lors de son passage \u00e0 la t\u00eate du Conseil fran\u00e7ais du num\u00e9rique (2017), Marie a pris conscience de l&rsquo;urgence d&rsquo;avancer sur des sujets fondamentaux comme la biodiversit\u00e9 et la diversit\u00e9, et a esquiss\u00e9 les premiers pas d&rsquo;une nouvelle aventure ciblant les grands d\u00e9fis du monde.<\/p>\n\n\n\n<div class=\"wp-block-buttons is-layout-flex wp-block-buttons-is-layout-flex\">\n<div class=\"wp-block-button has-custom-font-size has-body-1-font-size\"><a class=\"wp-block-button__link wp-element-button\" style=\"border-radius:30px\">Suivez-moi sur LinkedIn<\/a><\/div>\n<\/div>\n<\/div>\n\n\n\n<div class=\"wp-block-column is-layout-flow wp-block-column-is-layout-flow\">\n<div class=\"wp-block-group is-layout-constrained wp-block-group-is-layout-constrained\">\n<h4 class=\"wp-block-heading\">Dates cl\u00e9s<\/h4>\n\n\n\n<p>DATE 1<\/p>\n<\/div>\n<\/div>\n<\/div>\n<\/div>\n<\/div>\n\n<div class=\"wp-block-group alignfull members-quote has-tree-poppy-background-color has-background is-layout-constrained wp-block-group-is-layout-constrained\">\n<div class=\"wp-block-group is-layout-constrained wp-container-core-group-is-layout-7a8ecd1d wp-block-group-is-layout-constrained\">\n<h2 class=\"wp-block-heading has-text-align-center\">Nous sommes une \u00e9quipe d&rsquo;\u00e9co-guerriers qui \u0153uvrent pour un <mark style=\"background-color:rgba(0, 0, 0, 0)\" class=\"has-inline-color has-base-3-color\">avenir fertile<\/mark>.<\/h2>\n<\/div>\n<\/div>\n","protected":false},"excerpt":{"rendered":"","protected":false},"author":10,"featured_media":0,"parent":0,"menu_order":0,"comment_status":"closed","ping_status":"closed","template":"","meta":{"_acf_changed":false,"_seopress_robots_primary_cat":"","_seopress_titles_title":"","_seopress_titles_desc":"","_seopress_robots_index":"","footnotes":""},"class_list":["post-2168","page","type-page","status-publish"],"acf":[],"_links":{"self":[{"href":"https:\/\/2050.do\/fr\/wp-json\/wp\/v2\/pages\/2168","targetHints":{"allow":["GET"]}}],"collection":[{"href":"https:\/\/2050.do\/fr\/wp-json\/wp\/v2\/pages"}],"about":[{"href":"https:\/\/2050.do\/fr\/wp-json\/wp\/v2\/types\/page"}],"author":[{"embeddable":true,"href":"https:\/\/2050.do\/fr\/wp-json\/wp\/v2\/users\/10"}],"replies":[{"embeddable":true,"href":"https:\/\/2050.do\/fr\/wp-json\/wp\/v2\/comments?post=2168"}],"version-history":[{"count":0,"href":"https:\/\/2050.do\/fr\/wp-json\/wp\/v2\/pages\/2168\/revisions"}],"wp:attachment":[{"href":"https:\/\/2050.do\/fr\/wp-json\/wp\/v2\/media?parent=2168"}],"curies":[{"name":"wp","href":"https:\/\/api.w.org\/{rel}","templated":true}]}}