{"id":2524,"date":"2023-06-12T10:52:40","date_gmt":"2023-06-12T10:52:40","guid":{"rendered":"https:\/\/2050.do\/?page_id=2524"},"modified":"2023-06-12T10:52:41","modified_gmt":"2023-06-12T10:52:41","slug":"thank-you","status":"publish","type":"page","link":"https:\/\/2050.do\/fr\/thank-you\/","title":{"rendered":"Thank you"},"content":{"rendered":"\n<div class=\"wp-block-group alignfull plant-team-hero has-almond-background-color has-background is-layout-constrained wp-container-core-group-is-layout-2a7b38d8 wp-block-group-is-layout-constrained\">\n<div style=\"height:200px\" aria-hidden=\"true\" class=\"wp-block-spacer\"><\/div>\n\n\n\n<div style=\"height:63px\" aria-hidden=\"true\" class=\"wp-block-spacer desktop-only\"><\/div>\n\n\n\n<h1 class=\"wp-block-heading has-woodland-color has-text-color\">Thank you!<\/h1>\n\n\n\n<div class=\"wp-block-columns is-layout-flex wp-container-core-columns-is-layout-9d6595d7 wp-block-columns-is-layout-flex\">\n<div class=\"wp-block-column is-layout-flow wp-block-column-is-layout-flow\" style=\"flex-basis:60%\">\n<h3 class=\"wp-block-heading has-text-align-left mx-md-300 has-woodland-color has-text-color\">Thank you for contacting us, we&rsquo;ll be in touch soon.<\/h3>\n<\/div>\n<\/div>\n\n\n\n<div style=\"height:50px\" aria-hidden=\"true\" class=\"wp-block-spacer\"><\/div>\n\n\n\n<div style=\"height:100px\" aria-hidden=\"true\" class=\"wp-block-spacer mobile-only\"><\/div>\n\n\n\n<div style=\"height:150px\" aria-hidden=\"true\" class=\"wp-block-spacer team-mobile-space\"><\/div>\n\n\n\n<div style=\"height:50px\" aria-hidden=\"true\" class=\"wp-block-spacer\"><\/div>\n<\/div>\n\n\n\n<div id=\"stewards-graph\" class=\"wp-block-group has-base-2-background-color has-background is-layout-constrained wp-container-core-group-is-layout-2a7b38d8 wp-block-group-is-layout-constrained\">\n<div class=\"wp-block-columns is-layout-flex wp-container-core-columns-is-layout-9d6595d7 wp-block-columns-is-layout-flex\">\n<div class=\"wp-block-column is-layout-flow wp-block-column-is-layout-flow\"><\/div>\n\n\n\n<div class=\"wp-block-column is-layout-flow wp-block-column-is-layout-flow\"><\/div>\n<\/div>\n<\/div>\n\n\n\n<h2 class=\"wp-block-heading has-text-align-center align-md-left\">Community Voice<\/h2>\n\n\n\n<div style=\"height:30px\" aria-hidden=\"true\" class=\"wp-block-spacer\"><\/div>\n\n\n\n<div class=\"wp-block-group alignfull is-layout-flow wp-block-group-is-layout-flow\">    <div class=\"community-carousel-outer\">\r\n        <div class=\"community-carousel-inner\">\r\n\r\n            \r\n                <div class=\"community-carousel-slide\">\r\n                                            <div class=\"profile-pic\">\r\n                            <img decoding=\"async\" src=\"https:\/\/2050.do\/wp-content\/uploads\/2023\/04\/Rachel1.png\" alt=\"Rachel Delacour\" \/>\r\n                        <\/div>\r\n                    \r\n                    <span class=\"content\"><!-- wp:paragraph -->\n<p>\u00ab 2050 est tout simplement indispensable dans le monde de l&rsquo;investissement : l&rsquo;urgence des probl\u00e8mes colossaux auxquels nous sommes tous confront\u00e9s est telle qu&rsquo;elle doit s&rsquo;ancrer dans un \u00e9cosyst\u00e8me align\u00e9 sur les m\u00eames objectifs. \u00bb<\/p>\n<!-- \/wp:paragraph -->\n\n<!-- wp:paragraph -->\n<p><\/p>\n<!-- \/wp:paragraph --><\/span>\r\n                    <h3 class=\"name mb-0\">Rachel Delacour<\/h3>\r\n                    <p class=\"position\">Co-fondatrice et PDG de Sweep<\/p>\r\n                <\/div>\r\n\r\n                            \r\n                <div class=\"community-carousel-slide\">\r\n                                            <div class=\"profile-pic\">\r\n                            <img decoding=\"async\" src=\"https:\/\/2050.do\/wp-content\/uploads\/2023\/05\/Eric.jpeg\" alt=\"Eric Carreel\" \/>\r\n                        <\/div>\r\n                    \r\n                    <span class=\"content\"><!-- wp:paragraph -->\n<p>\u00ab En tant qu&rsquo;entrepreneur, je suis fier de pouvoir compter sur un alli\u00e9 comme 2050 &#8211; et son \u00e9quipe formidable ! &#8211; pour notre d\u00e9veloppement \u00e0 long terme. \u00bb<\/p>\n<!-- \/wp:paragraph --><\/span>\r\n                    <h3 class=\"name mb-0\">Eric Carreel<\/h3>\r\n                    <p class=\"position\">Fondateur et pr\u00e9sident de Withings<\/p>\r\n                <\/div>\r\n\r\n                            \r\n                <div class=\"community-carousel-slide\">\r\n                                            <div class=\"profile-pic\">\r\n                            <img decoding=\"async\" src=\"https:\/\/2050.do\/wp-content\/uploads\/2023\/05\/ClimateView-EinarBodstrom2.jpg\" alt=\"Einar Bostr\u00f6m\" \/>\r\n                        <\/div>\r\n                    \r\n                    <span class=\"content\"><!-- wp:paragraph -->\n<p>\u00ab Lors de notre s\u00e9rie A, les conversations que nous avons eues avec 2050 ont \u00e9t\u00e9 d&rsquo;une pr\u00e9cision et d&rsquo;une richesse telles qu&rsquo;elles peuvent \u00eatre qualifi\u00e9es de profondes. La pr\u00e9sence de 2050 \u00e0 \u00e0 notre capital est vraiment un atout. \u00bb<\/p>\n<!-- \/wp:paragraph --><\/span>\r\n                    <h3 class=\"name mb-0\">Einar Bostr\u00f6m<\/h3>\r\n                    <p class=\"position\">Co-fondateur de ClimateView<\/p>\r\n                <\/div>\r\n\r\n                            \r\n                <div class=\"community-carousel-slide\">\r\n                                            <div class=\"profile-pic\">\r\n                            <img decoding=\"async\" src=\"https:\/\/2050.do\/wp-content\/uploads\/2023\/05\/Marta.jpg\" alt=\"Marta Sj\u00f6gren\" \/>\r\n                        <\/div>\r\n                    \r\n                    <span class=\"content\"><!-- wp:paragraph -->\n<p>\u00ab 2050 \u00e9tait un choix \u00e9vident pour \u00eatre notre principal investisseur, car Marie et l&rsquo;\u00e9quipe ont continuellement apport\u00e9 une valeur ajout\u00e9e \u00e0 un moment crucial de notre d\u00e9veloppement. Aussi bien pour les sujets d&rsquo;alignement que sur les questions de d\u00e9veloppement commercial. \u00bb<\/p>\n<!-- \/wp:paragraph --><\/span>\r\n                    <h3 class=\"name mb-0\">Marta Sj\u00f6gren<\/h3>\r\n                    <p class=\"position\">Co-fondatrice et co-PDG de Paebbl<\/p>\r\n                <\/div>\r\n\r\n                            \r\n        <\/div>\r\n    <\/div>\r\n    \n\n\n<div style=\"height:10px\" aria-hidden=\"true\" class=\"wp-block-spacer\"><\/div>\n<\/div>\n\n\n\n<div style=\"height:150px\" aria-hidden=\"true\" class=\"wp-block-spacer\"><\/div>\n","protected":false},"excerpt":{"rendered":"","protected":false},"author":10,"featured_media":0,"parent":0,"menu_order":0,"comment_status":"closed","ping_status":"closed","template":"","meta":{"_acf_changed":false,"_seopress_robots_primary_cat":"","_seopress_titles_title":"","_seopress_titles_desc":"","_seopress_robots_index":"","footnotes":""},"class_list":["post-2524","page","type-page","status-publish"],"acf":[],"_links":{"self":[{"href":"https:\/\/2050.do\/fr\/wp-json\/wp\/v2\/pages\/2524","targetHints":{"allow":["GET"]}}],"collection":[{"href":"https:\/\/2050.do\/fr\/wp-json\/wp\/v2\/pages"}],"about":[{"href":"https:\/\/2050.do\/fr\/wp-json\/wp\/v2\/types\/page"}],"author":[{"embeddable":true,"href":"https:\/\/2050.do\/fr\/wp-json\/wp\/v2\/users\/10"}],"replies":[{"embeddable":true,"href":"https:\/\/2050.do\/fr\/wp-json\/wp\/v2\/comments?post=2524"}],"version-history":[{"count":0,"href":"https:\/\/2050.do\/fr\/wp-json\/wp\/v2\/pages\/2524\/revisions"}],"wp:attachment":[{"href":"https:\/\/2050.do\/fr\/wp-json\/wp\/v2\/media?parent=2524"}],"curies":[{"name":"wp","href":"https:\/\/api.w.org\/{rel}","templated":true}]}}